{"id":10,"date":"2018-01-22T11:53:09","date_gmt":"2018-01-22T11:53:09","guid":{"rendered":"https:\/\/corecapital.pt\/first_test\/?page_id=10"},"modified":"2023-05-08T09:36:40","modified_gmt":"2023-05-08T09:36:40","slug":"core-capital","status":"publish","type":"page","link":"https:\/\/corecapital.pt\/en\/core-capital\/","title":{"rendered":"Overview"},"content":{"rendered":"<div data-elementor-type=\"wp-page\" data-elementor-id=\"10\" class=\"elementor elementor-10\" data-elementor-post-type=\"page\">\n\t\t\t\t\t\t<section data-particle_enable=\"false\" data-particle-mobile-disabled=\"false\" class=\"elementor-section elementor-top-section elementor-element elementor-element-3d91267b elementor-section-boxed elementor-section-height-default elementor-section-height-default\" data-id=\"3d91267b\" data-element_type=\"section\" data-e-type=\"section\">\n\t\t\t\t\t\t<div class=\"elementor-container elementor-column-gap-default\">\n\t\t\t\t\t<div class=\"elementor-column elementor-col-100 elementor-top-column elementor-element elementor-element-65e6c8db\" data-id=\"65e6c8db\" data-element_type=\"column\" data-e-type=\"column\">\n\t\t\t<div class=\"elementor-widget-wrap elementor-element-populated\">\n\t\t\t\t\t\t<div class=\"elementor-element elementor-element-72b07d6a elementor-widget elementor-widget-text-editor\" data-id=\"72b07d6a\" data-element_type=\"widget\" data-e-type=\"widget\" data-widget_type=\"text-editor.default\">\n\t\t\t\t<div class=\"elementor-widget-container\">\n\t\t\t\t\t\t\t\t\t<h1 style=\"color: #749988;\"><span style=\"font-size: 80pt; font-family: HELVETICA; color: black; letter-spacing: -10pt;\">Capital produtivo<\/span><span style=\"font-size: 138pt; font-family: HELVETICA; color: #77998b; letter-spacing: -10pt;\">.<\/span><span style=\"font-size: 115pt; font-family: HELVETICA; color: #77998b; letter-spacing: -10pt;\">\u00a0<\/span><\/h1>\t\t\t\t\t\t\t\t<\/div>\n\t\t\t\t<\/div>\n\t\t\t\t\t<\/div>\n\t\t<\/div>\n\t\t\t\t\t<\/div>\n\t\t<\/section>\n\t\t<div data-particle_enable=\"false\" data-particle-mobile-disabled=\"false\" class=\"elementor-element elementor-element-defc554 e-flex e-con-boxed e-con e-parent\" data-id=\"defc554\" data-element_type=\"container\" data-e-type=\"container\">\n\t\t\t\t\t<div class=\"e-con-inner\">\n\t\t<div data-particle_enable=\"false\" data-particle-mobile-disabled=\"false\" class=\"elementor-element elementor-element-e095b06 e-con-full e-flex e-con e-parent\" data-id=\"e095b06\" data-element_type=\"container\" data-e-type=\"container\">\n\t\t\t\t<div class=\"elementor-element elementor-element-21ded7c elementor-widget elementor-widget-image\" data-id=\"21ded7c\" data-element_type=\"widget\" data-e-type=\"widget\" data-widget_type=\"image.default\">\n\t\t\t\t<div class=\"elementor-widget-container\">\n\t\t\t\t\t\t\t\t\t\t\t\t\t\t\t<img fetchpriority=\"high\" decoding=\"async\" width=\"474\" height=\"210\" src=\"https:\/\/corecapital.pt\/wp-content\/uploads\/2023\/04\/crescimento.jpeg\" class=\"attachment-large size-large wp-image-1132\" alt=\"\" srcset=\"https:\/\/corecapital.pt\/wp-content\/uploads\/2023\/04\/crescimento.jpeg 474w, https:\/\/corecapital.pt\/wp-content\/uploads\/2023\/04\/crescimento-300x133.jpeg 300w, https:\/\/corecapital.pt\/wp-content\/uploads\/2023\/04\/crescimento-230x102.jpeg 230w, https:\/\/corecapital.pt\/wp-content\/uploads\/2023\/04\/crescimento-350x155.jpeg 350w\" sizes=\"(max-width: 474px) 100vw, 474px\" \/>\t\t\t\t\t\t\t\t\t\t\t\t\t\t\t<\/div>\n\t\t\t\t<\/div>\n\t\t\t\t<\/div>\n\t\t<div data-particle_enable=\"false\" data-particle-mobile-disabled=\"false\" class=\"elementor-element elementor-element-cb998be e-con-full e-flex e-con e-parent\" data-id=\"cb998be\" data-element_type=\"container\" data-e-type=\"container\">\n\t\t\t\t<div class=\"elementor-element elementor-element-1f36f40 elementor-widget elementor-widget-text-editor\" data-id=\"1f36f40\" data-element_type=\"widget\" data-e-type=\"widget\" data-widget_type=\"text-editor.default\">\n\t\t\t\t<div class=\"elementor-widget-container\">\n\t\t\t\t\t\t\t\t\t<p>CoRe Capital is a Private Equity Capital Management Company with a clear ambition: to contribute to the productivity and value creation of the national economy. The sector of small and medium-sized national companies, which sustains the Portuguese economy, is a central pillar of development whose but its fragility in the face of adverse scenarios, in particular given the lack of capital and theits small size of its constituent companies, requires effective responses for robust growth.<\/p>\t\t\t\t\t\t\t\t<\/div>\n\t\t\t\t<\/div>\n\t\t\t\t<\/div>\n\t\t\t\t\t<\/div>\n\t\t\t\t<\/div>\n\t\t\t\t<\/div>","protected":false},"excerpt":{"rendered":"<p>Capital produtivo.\u00a0 A CoRe Capital \u00e9 uma Sociedade Gestora de Capital de Risco com uma ambi\u00e7\u00e3o clara: contribuir para a produtividade e a cria\u00e7\u00e3o de valor da economia nacional. O setor das pequenas e m\u00e9dias empresas nacionais, que sustenta a economia Portuguesa, \u00e9 um pilar central do desenvolvimento cuja fragilidade perante cen\u00e1rios adversos, em particular [&hellip;]<\/p>","protected":false},"author":1,"featured_media":0,"parent":0,"menu_order":1,"comment_status":"closed","ping_status":"closed","template":"page-templates\/page_fullwidth.php","meta":{"_acf_changed":false,"footnotes":""},"class_list":["post-10","page","type-page","status-publish","hentry"],"acf":[],"_links":{"self":[{"href":"https:\/\/corecapital.pt\/en\/wp-json\/wp\/v2\/pages\/10","targetHints":{"allow":["GET"]}}],"collection":[{"href":"https:\/\/corecapital.pt\/en\/wp-json\/wp\/v2\/pages"}],"about":[{"href":"https:\/\/corecapital.pt\/en\/wp-json\/wp\/v2\/types\/page"}],"author":[{"embeddable":true,"href":"https:\/\/corecapital.pt\/en\/wp-json\/wp\/v2\/users\/1"}],"replies":[{"embeddable":true,"href":"https:\/\/corecapital.pt\/en\/wp-json\/wp\/v2\/comments?post=10"}],"version-history":[{"count":53,"href":"https:\/\/corecapital.pt\/en\/wp-json\/wp\/v2\/pages\/10\/revisions"}],"predecessor-version":[{"id":1446,"href":"https:\/\/corecapital.pt\/en\/wp-json\/wp\/v2\/pages\/10\/revisions\/1446"}],"wp:attachment":[{"href":"https:\/\/corecapital.pt\/en\/wp-json\/wp\/v2\/media?parent=10"}],"curies":[{"name":"wp","href":"https:\/\/api.w.org\/{rel}","templated":true}]}}