{"id":31,"date":"2018-01-22T14:18:13","date_gmt":"2018-01-22T14:18:13","guid":{"rendered":"https:\/\/corecapital.pt\/first_test\/?page_id=31"},"modified":"2023-05-08T09:35:34","modified_gmt":"2023-05-08T09:35:34","slug":"core-capital-2","status":"publish","type":"page","link":"https:\/\/corecapital.pt\/en\/core-capital-2\/","title":{"rendered":"CoRe Capital"},"content":{"rendered":"<div data-elementor-type=\"wp-page\" data-elementor-id=\"31\" class=\"elementor elementor-31\" data-elementor-post-type=\"page\">\n\t\t\t\t<div data-particle_enable=\"false\" data-particle-mobile-disabled=\"false\" class=\"elementor-element elementor-element-3c4cd4d e-flex e-con-boxed e-con e-parent\" data-id=\"3c4cd4d\" data-element_type=\"container\" data-e-type=\"container\">\n\t\t\t\t\t<div class=\"e-con-inner\">\n\t\t<div data-particle_enable=\"false\" data-particle-mobile-disabled=\"false\" class=\"elementor-element elementor-element-ef8c4e6 e-con-full e-flex e-con e-parent\" data-id=\"ef8c4e6\" data-element_type=\"container\" data-e-type=\"container\">\n\t\t\t\t<div class=\"elementor-element elementor-element-42b1103 elementor-widget elementor-widget-image\" data-id=\"42b1103\" data-element_type=\"widget\" data-e-type=\"widget\" data-widget_type=\"image.default\">\n\t\t\t\t<div class=\"elementor-widget-container\">\n\t\t\t\t\t\t\t\t\t\t\t\t\t\t\t<img fetchpriority=\"high\" decoding=\"async\" width=\"800\" height=\"500\" src=\"https:\/\/corecapital.pt\/wp-content\/uploads\/2023\/04\/Picture1.jpg\" class=\"attachment-large size-large wp-image-1110\" alt=\"\" srcset=\"https:\/\/corecapital.pt\/wp-content\/uploads\/2023\/04\/Picture1.jpg 968w, https:\/\/corecapital.pt\/wp-content\/uploads\/2023\/04\/Picture1-300x188.jpg 300w, https:\/\/corecapital.pt\/wp-content\/uploads\/2023\/04\/Picture1-768x480.jpg 768w, https:\/\/corecapital.pt\/wp-content\/uploads\/2023\/04\/Picture1-230x144.jpg 230w, https:\/\/corecapital.pt\/wp-content\/uploads\/2023\/04\/Picture1-350x219.jpg 350w, https:\/\/corecapital.pt\/wp-content\/uploads\/2023\/04\/Picture1-800x500.jpg 800w\" sizes=\"(max-width: 800px) 100vw, 800px\" \/>\t\t\t\t\t\t\t\t\t\t\t\t\t\t\t<\/div>\n\t\t\t\t<\/div>\n\t\t\t\t<\/div>\n\t\t<div data-particle_enable=\"false\" data-particle-mobile-disabled=\"false\" class=\"elementor-element elementor-element-2fede1f e-con-full e-flex e-con e-parent\" data-id=\"2fede1f\" data-element_type=\"container\" data-e-type=\"container\">\n\t\t\t\t<div class=\"elementor-element elementor-element-709ead6 elementor-widget elementor-widget-heading\" data-id=\"709ead6\" data-element_type=\"widget\" data-e-type=\"widget\" data-widget_type=\"heading.default\">\n\t\t\t\t<div class=\"elementor-widget-container\">\n\t\t\t\t\t<h2 class=\"elementor-heading-title elementor-size-default\"><p style=\"margin-top: 0pt;margin-bottom: 0pt;margin-left: 0in;direction: ltr\"><span style=\"font-size: 115pt;font-family: HELVETICA;color: black;letter-spacing: -10pt\">Grow with us<\/span><span style=\"font-size: 239pt;font-family: HELVETICA;letter-spacing: -10pt\">.<\/span><\/p><\/h2>\t\t\t\t<\/div>\n\t\t\t\t<\/div>\n\t\t\t\t<div class=\"elementor-element elementor-element-97a4159 elementor-widget elementor-widget-text-editor\" data-id=\"97a4159\" data-element_type=\"widget\" data-e-type=\"widget\" data-widget_type=\"text-editor.default\">\n\t\t\t\t<div class=\"elementor-widget-container\">\n\t\t\t\t\t\t\t\t\t<p style=\"margin-top: 0pt; margin-bottom: 0pt; margin-left: 0in; direction: ltr; unicode-bidi: embed; word-break: normal;\"><span style=\"font-size: 24.0pt; font-family: HELVETICA; mso-ascii-font-family: HELVETICA; mso-fareast-font-family: Tahoma; mso-bidi-font-family: HELVETICA; color: black; mso-color-index: 1; letter-spacing: -2.0pt; mso-font-kerning: 12.0pt; language: pt; font-weight: bold; mso-style-textfill-type: solid; mso-style-textfill-fill-themecolor: text1; mso-style-textfill-fill-color: black; mso-style-textfill-fill-alpha: 100.0%;\">CoRe Capital . Private Equity<\/span><\/p>\t\t\t\t\t\t\t\t<\/div>\n\t\t\t\t<\/div>\n\t\t\t\t<\/div>\n\t\t\t\t\t<\/div>\n\t\t\t\t<\/div>\n\t\t<div data-particle_enable=\"false\" data-particle-mobile-disabled=\"false\" class=\"elementor-element elementor-element-ec57ded e-flex e-con-boxed e-con e-parent\" data-id=\"ec57ded\" data-element_type=\"container\" data-e-type=\"container\">\n\t\t\t\t\t<div class=\"e-con-inner\">\n\t\t\t\t<div class=\"elementor-element elementor-element-80fc167 e-transform elementor-view-default elementor-widget elementor-widget-icon\" data-id=\"80fc167\" data-element_type=\"widget\" data-e-type=\"widget\" data-settings=\"{&quot;motion_fx_motion_fx_scrolling&quot;:&quot;yes&quot;,&quot;motion_fx_translateY_effect&quot;:&quot;yes&quot;,&quot;motion_fx_translateY_direction&quot;:&quot;negative&quot;,&quot;motion_fx_translateY_affectedRange&quot;:{&quot;unit&quot;:&quot;%&quot;,&quot;size&quot;:&quot;&quot;,&quot;sizes&quot;:{&quot;start&quot;:10,&quot;end&quot;:64}},&quot;_transform_flipX_effect&quot;:&quot;transform&quot;,&quot;motion_fx_translateY_speed&quot;:{&quot;unit&quot;:&quot;px&quot;,&quot;size&quot;:4,&quot;sizes&quot;:[]},&quot;motion_fx_devices&quot;:[&quot;desktop&quot;,&quot;tablet&quot;,&quot;mobile&quot;]}\" data-widget_type=\"icon.default\">\n\t\t\t\t<div class=\"elementor-widget-container\">\n\t\t\t\t\t\t\t<div class=\"elementor-icon-wrapper\">\n\t\t\t<div class=\"elementor-icon elementor-animation-wobble-vertical\">\n\t\t\t<svg aria-hidden=\"true\" class=\"e-font-icon-svg e-fas-long-arrow-alt-down\" viewbox=\"0 0 256 512\" xmlns=\"http:\/\/www.w3.org\/2000\/svg\"><path d=\"M168 345.941V44c0-6.627-5.373-12-12-12h-56c-6.627 0-12 5.373-12 12v301.941H41.941c-21.382 0-32.09 25.851-16.971 40.971l86.059 86.059c9.373 9.373 24.569 9.373 33.941 0l86.059-86.059c15.119-15.119 4.411-40.971-16.971-40.971H168z\"><\/path><\/svg>\t\t\t<\/div>\n\t\t<\/div>\n\t\t\t\t\t\t<\/div>\n\t\t\t\t<\/div>\n\t\t\t\t\t<\/div>\n\t\t\t\t<\/div>\n\t\t<div data-particle_enable=\"false\" data-particle-mobile-disabled=\"false\" class=\"elementor-element elementor-element-373f896 e-flex e-con-boxed e-con e-parent\" data-id=\"373f896\" data-element_type=\"container\" data-e-type=\"container\">\n\t\t\t\t\t<div class=\"e-con-inner\">\n\t\t<div data-particle_enable=\"false\" data-particle-mobile-disabled=\"false\" class=\"elementor-element elementor-element-e63895c e-con-full e-flex e-con e-parent\" data-id=\"e63895c\" data-element_type=\"container\" data-e-type=\"container\">\n\t\t\t\t<div class=\"elementor-element elementor-element-9171bb1 elementor-widget elementor-widget-text-editor\" data-id=\"9171bb1\" data-element_type=\"widget\" data-e-type=\"widget\" data-widget_type=\"text-editor.default\">\n\t\t\t\t<div class=\"elementor-widget-container\">\n\t\t\t\t\t\t\t\t\t<p><span style=\"color: #000000; font-family: Helvetica, sans-serif; font-size: 40px; font-weight: bold; letter-spacing: -0.7px;\">Responsabilidade e track record<\/span><\/p>\t\t\t\t\t\t\t\t<\/div>\n\t\t\t\t<\/div>\n\t\t<div data-particle_enable=\"false\" data-particle-mobile-disabled=\"false\" class=\"elementor-element elementor-element-b0d91bd e-con-full e-flex e-con e-parent\" data-id=\"b0d91bd\" data-element_type=\"container\" data-e-type=\"container\">\n\t\t\t\t<div class=\"elementor-element elementor-element-5c9f692 elementor-widget elementor-widget-text-editor\" data-id=\"5c9f692\" data-element_type=\"widget\" data-e-type=\"widget\" data-widget_type=\"text-editor.default\">\n\t\t\t\t<div class=\"elementor-widget-container\">\n\t\t\t\t\t\t\t\t\t<p style=\"color: #000000; font-family: Roboto, sans-serif; letter-spacing: -0.6px;\">CoRe Capital is a Private Equity Capital Management Company with a clear ambition: to contribute to the productivity and value creation of the national economy. The sector of small and medium-sized national companies, which sustains the Portuguese economy, is a central pillar of development whose but its fragility in the face of adverse scenarios, in particular given the lack of capital and theits small size of its constituent companies, requires effective responses for robust growth.<\/p><p style=\"color: #000000; font-family: Roboto, sans-serif; letter-spacing: -0.6px;\">CoRe Capital develops investment funds focused on the productive application of capital towards growth, acting through its experience and investing in assets that benefit both from strategic growth plans and expansion and consolidation processes through the development of new business areas and new products, restructuring of their business models and professionalization and strengthening of management teams.<\/p>\t\t\t\t\t\t\t\t<\/div>\n\t\t\t\t<\/div>\n\t\t\t\t<\/div>\n\t\t\t\t<\/div>\n\t\t<div data-particle_enable=\"false\" data-particle-mobile-disabled=\"false\" class=\"elementor-element elementor-element-be3918d e-con-full e-flex e-con e-parent\" data-id=\"be3918d\" data-element_type=\"container\" data-e-type=\"container\">\n\t\t\t\t<div class=\"elementor-element elementor-element-9d47e3c elementor-widget__width-initial elementor-widget elementor-widget-text-editor\" data-id=\"9d47e3c\" data-element_type=\"widget\" data-e-type=\"widget\" data-widget_type=\"text-editor.default\">\n\t\t\t\t<div class=\"elementor-widget-container\">\n\t\t\t\t\t\t\t\t\t<h2 style=\"-webkit-text-stroke-color: #000000; stroke-width: 0px; stroke: #000000;\" data-elementor-setting-key=\"title\" data-pen-placeholder=\"Digite aqui...\"><span style=\"white-space: normal; font-size: 100pt; font-family: HELVETICA; color: black; letter-spacing: -10pt;\">Productive Capital<\/span><span style=\"white-space: normal; font-size: 160pt; font-family: HELVETICA; color: #77998b; letter-spacing: -10pt;\">.<\/span><\/h2>\t\t\t\t\t\t\t\t<\/div>\n\t\t\t\t<\/div>\n\t\t\t\t<div class=\"elementor-element elementor-element-374381b elementor-widget elementor-widget-spacer\" data-id=\"374381b\" data-element_type=\"widget\" data-e-type=\"widget\" data-widget_type=\"spacer.default\">\n\t\t\t\t<div class=\"elementor-widget-container\">\n\t\t\t\t\t\t\t<div class=\"elementor-spacer\">\n\t\t\t<div class=\"elementor-spacer-inner\"><\/div>\n\t\t<\/div>\n\t\t\t\t\t\t<\/div>\n\t\t\t\t<\/div>\n\t\t\t\t<\/div>\n\t\t\t\t\t<\/div>\n\t\t\t\t<\/div>\n\t\t<div data-particle_enable=\"false\" data-particle-mobile-disabled=\"false\" class=\"elementor-element elementor-element-96d0ff8 e-con-full e-flex e-con e-parent\" data-id=\"96d0ff8\" data-element_type=\"container\" data-e-type=\"container\">\n\t\t\t\t<div class=\"elementor-element elementor-element-2925cc7 elementor-widget elementor-widget-spacer\" data-id=\"2925cc7\" data-element_type=\"widget\" data-e-type=\"widget\" data-widget_type=\"spacer.default\">\n\t\t\t\t<div class=\"elementor-widget-container\">\n\t\t\t\t\t\t\t<div class=\"elementor-spacer\">\n\t\t\t<div class=\"elementor-spacer-inner\"><\/div>\n\t\t<\/div>\n\t\t\t\t\t\t<\/div>\n\t\t\t\t<\/div>\n\t\t\t\t<\/div>\n\t\t<div data-particle_enable=\"false\" data-particle-mobile-disabled=\"false\" class=\"elementor-element elementor-element-fddee63 e-flex e-con-boxed e-con e-parent\" data-id=\"fddee63\" data-element_type=\"container\" data-e-type=\"container\">\n\t\t\t\t\t<div class=\"e-con-inner\">\n\t\t<div data-particle_enable=\"false\" data-particle-mobile-disabled=\"false\" class=\"elementor-element elementor-element-a449500 e-con-full e-flex e-con e-parent\" data-id=\"a449500\" data-element_type=\"container\" data-e-type=\"container\">\n\t\t\t\t<div class=\"elementor-element elementor-element-cbf6e39 elementor-widget elementor-widget-image\" data-id=\"cbf6e39\" data-element_type=\"widget\" data-e-type=\"widget\" data-widget_type=\"image.default\">\n\t\t\t\t<div class=\"elementor-widget-container\">\n\t\t\t\t\t\t\t\t\t\t\t\t\t\t\t<img decoding=\"async\" width=\"474\" height=\"210\" src=\"https:\/\/corecapital.pt\/wp-content\/uploads\/2023\/04\/crescimento.jpeg\" class=\"attachment-large size-large wp-image-1132\" alt=\"\" srcset=\"https:\/\/corecapital.pt\/wp-content\/uploads\/2023\/04\/crescimento.jpeg 474w, https:\/\/corecapital.pt\/wp-content\/uploads\/2023\/04\/crescimento-300x133.jpeg 300w, https:\/\/corecapital.pt\/wp-content\/uploads\/2023\/04\/crescimento-230x102.jpeg 230w, https:\/\/corecapital.pt\/wp-content\/uploads\/2023\/04\/crescimento-350x155.jpeg 350w\" sizes=\"(max-width: 474px) 100vw, 474px\" \/>\t\t\t\t\t\t\t\t\t\t\t\t\t\t\t<\/div>\n\t\t\t\t<\/div>\n\t\t\t\t<\/div>\n\t\t<div data-particle_enable=\"false\" data-particle-mobile-disabled=\"false\" class=\"elementor-element elementor-element-5f3e3b5 e-con-full e-flex e-con e-parent\" data-id=\"5f3e3b5\" data-element_type=\"container\" data-e-type=\"container\">\n\t\t<div data-particle_enable=\"false\" data-particle-mobile-disabled=\"false\" class=\"elementor-element elementor-element-56c78e1 e-con-full e-flex e-con e-parent\" data-id=\"56c78e1\" data-element_type=\"container\" data-e-type=\"container\">\n\t\t\t\t<div class=\"elementor-element elementor-element-9f20af1 elementor-widget elementor-widget-text-editor\" data-id=\"9f20af1\" data-element_type=\"widget\" data-e-type=\"widget\" data-widget_type=\"text-editor.default\">\n\t\t\t\t<div class=\"elementor-widget-container\">\n\t\t\t\t\t\t\t\t\t<p>Consist\u00eancia no crescimento<\/p>\t\t\t\t\t\t\t\t<\/div>\n\t\t\t\t<\/div>\n\t\t\t\t<\/div>\n\t\t\t\t<div class=\"elementor-element elementor-element-d27f38a elementor-widget__width-initial elementor-widget elementor-widget-text-editor\" data-id=\"d27f38a\" data-element_type=\"widget\" data-e-type=\"widget\" data-widget_type=\"text-editor.default\">\n\t\t\t\t<div class=\"elementor-widget-container\">\n\t\t\t\t\t\t\t\t\t<p>Core Capital works together and closely with the companies' management teams to implement consistent and robust growth strategies, invest fresh capital, and adopt modern management practices.<\/p>\t\t\t\t\t\t\t\t<\/div>\n\t\t\t\t<\/div>\n\t\t\t\t<\/div>\n\t\t\t\t\t<\/div>\n\t\t\t\t<\/div>\n\t\t<div data-particle_enable=\"false\" data-particle-mobile-disabled=\"false\" class=\"elementor-element elementor-element-f2104c3 e-flex e-con-boxed e-con e-parent\" data-id=\"f2104c3\" data-element_type=\"container\" data-e-type=\"container\">\n\t\t\t\t\t<div class=\"e-con-inner\">\n\t\t\t\t<div class=\"elementor-element elementor-element-1e21c65 elementor-widget elementor-widget-spacer\" data-id=\"1e21c65\" data-element_type=\"widget\" data-e-type=\"widget\" data-widget_type=\"spacer.default\">\n\t\t\t\t<div class=\"elementor-widget-container\">\n\t\t\t\t\t\t\t<div class=\"elementor-spacer\">\n\t\t\t<div class=\"elementor-spacer-inner\"><\/div>\n\t\t<\/div>\n\t\t\t\t\t\t<\/div>\n\t\t\t\t<\/div>\n\t\t\t\t\t<\/div>\n\t\t\t\t<\/div>\n\t\t<div data-particle_enable=\"false\" data-particle-mobile-disabled=\"false\" class=\"elementor-element elementor-element-2d168b5 e-flex e-con-boxed e-con e-parent\" data-id=\"2d168b5\" data-element_type=\"container\" data-e-type=\"container\">\n\t\t\t\t\t<div class=\"e-con-inner\">\n\t\t<div data-particle_enable=\"false\" data-particle-mobile-disabled=\"false\" class=\"elementor-element elementor-element-a257dbc e-con-full e-flex e-con e-parent\" data-id=\"a257dbc\" data-element_type=\"container\" data-e-type=\"container\">\n\t\t\t\t<div class=\"elementor-element elementor-element-99fcebb elementor-widget elementor-widget-text-editor\" data-id=\"99fcebb\" data-element_type=\"widget\" data-e-type=\"widget\" data-widget_type=\"text-editor.default\">\n\t\t\t\t<div class=\"elementor-widget-container\">\n\t\t\t\t\t\t\t\t\t<p>Core Restart I Fund<\/p>\t\t\t\t\t\t\t\t<\/div>\n\t\t\t\t<\/div>\n\t\t\t\t<div class=\"elementor-element elementor-element-64e4d85 elementor-widget elementor-widget-text-editor\" data-id=\"64e4d85\" data-element_type=\"widget\" data-e-type=\"widget\" data-widget_type=\"text-editor.default\">\n\t\t\t\t<div class=\"elementor-widget-container\">\n\t\t\t\t\t\t\t\t\t<p>O Fundo CoRe Restart I, resgistado na CMVM em 2018, seleciona PME\u2019s industriais pressionadas por d\u00edvida excessiva, falta de liquidez e gest\u00e3o deficiente cujos modelos de neg\u00f3cio estejam solidamente orientados para o mercado internacional, aplicando o dinheiro dos seus investidores no restart do crescimento e<\/p>\t\t\t\t\t\t\t\t<\/div>\n\t\t\t\t<\/div>\n\t\t\t\t<\/div>\n\t\t<div data-particle_enable=\"false\" data-particle-mobile-disabled=\"false\" class=\"elementor-element elementor-element-a700985 e-con-full e-flex e-con e-parent\" data-id=\"a700985\" data-element_type=\"container\" data-e-type=\"container\" data-settings=\"{&quot;background_background&quot;:&quot;classic&quot;}\">\n\t\t\t\t<div class=\"elementor-element elementor-element-deb6e36 elementor-widget elementor-widget-text-editor\" data-id=\"deb6e36\" data-element_type=\"widget\" data-e-type=\"widget\" data-widget_type=\"text-editor.default\">\n\t\t\t\t<div class=\"elementor-widget-container\">\n\t\t\t\t\t\t\t\t\t<p><b>CoRe Consolida Fund<\/b><\/p>\t\t\t\t\t\t\t\t<\/div>\n\t\t\t\t<\/div>\n\t\t\t\t<div class=\"elementor-element elementor-element-135adae elementor-widget elementor-widget-text-editor\" data-id=\"135adae\" data-element_type=\"widget\" data-e-type=\"widget\" data-widget_type=\"text-editor.default\">\n\t\t\t\t<div class=\"elementor-widget-container\">\n\t\t\t\t\t\t\t\t\t<p>The CoRe Consolida Fund, registered with the CMVM in 2022, invests capital in strengthening national SMEs and Mid-Caps with growth and innovation potential, seeking opportunities for sectorial integration and consolidation, contributing  to the defragmentation of the Portuguese SMEs preferably in the industrial, agro-industrial, retail, tourism, transport and logistics sectors framed in the best international ESG practices.<\/p>\t\t\t\t\t\t\t\t<\/div>\n\t\t\t\t<\/div>\n\t\t\t\t<\/div>\n\t\t<div data-particle_enable=\"false\" data-particle-mobile-disabled=\"false\" class=\"elementor-element elementor-element-8148950 e-con-full e-flex e-con e-parent\" data-id=\"8148950\" data-element_type=\"container\" data-e-type=\"container\" data-settings=\"{&quot;background_background&quot;:&quot;classic&quot;}\">\n\t\t\t\t<div class=\"elementor-element elementor-element-25ef47c elementor-widget elementor-widget-image\" data-id=\"25ef47c\" data-element_type=\"widget\" data-e-type=\"widget\" data-widget_type=\"image.default\">\n\t\t\t\t<div class=\"elementor-widget-container\">\n\t\t\t\t\t\t\t\t\t\t\t\t\t\t\t<img decoding=\"async\" width=\"474\" height=\"313\" src=\"https:\/\/corecapital.pt\/wp-content\/uploads\/2023\/04\/consolida-2.jpeg\" class=\"attachment-1536x1536 size-1536x1536 wp-image-1128\" alt=\"\" srcset=\"https:\/\/corecapital.pt\/wp-content\/uploads\/2023\/04\/consolida-2.jpeg 474w, https:\/\/corecapital.pt\/wp-content\/uploads\/2023\/04\/consolida-2-300x198.jpeg 300w, https:\/\/corecapital.pt\/wp-content\/uploads\/2023\/04\/consolida-2-230x152.jpeg 230w, https:\/\/corecapital.pt\/wp-content\/uploads\/2023\/04\/consolida-2-350x231.jpeg 350w\" sizes=\"(max-width: 474px) 100vw, 474px\" \/>\t\t\t\t\t\t\t\t\t\t\t\t\t\t\t<\/div>\n\t\t\t\t<\/div>\n\t\t\t\t<\/div>\n\t\t<div data-particle_enable=\"false\" data-particle-mobile-disabled=\"false\" class=\"elementor-element elementor-element-6a63809 e-con-full e-flex e-con e-parent\" data-id=\"6a63809\" data-element_type=\"container\" data-e-type=\"container\">\n\t\t\t\t<div class=\"elementor-element elementor-element-0880554 elementor-widget elementor-widget-image\" data-id=\"0880554\" data-element_type=\"widget\" data-e-type=\"widget\" data-widget_type=\"image.default\">\n\t\t\t\t<div class=\"elementor-widget-container\">\n\t\t\t\t\t\t\t\t\t\t\t\t\t\t\t<img loading=\"lazy\" decoding=\"async\" width=\"400\" height=\"238\" src=\"https:\/\/corecapital.pt\/wp-content\/uploads\/2023\/04\/admin-ajax-1.jpeg\" class=\"attachment-large size-large wp-image-1328\" alt=\"\" srcset=\"https:\/\/corecapital.pt\/wp-content\/uploads\/2023\/04\/admin-ajax-1.jpeg 400w, https:\/\/corecapital.pt\/wp-content\/uploads\/2023\/04\/admin-ajax-1-300x179.jpeg 300w, https:\/\/corecapital.pt\/wp-content\/uploads\/2023\/04\/admin-ajax-1-230x137.jpeg 230w, https:\/\/corecapital.pt\/wp-content\/uploads\/2023\/04\/admin-ajax-1-350x208.jpeg 350w\" sizes=\"(max-width: 400px) 100vw, 400px\" \/>\t\t\t\t\t\t\t\t\t\t\t\t\t\t\t<\/div>\n\t\t\t\t<\/div>\n\t\t\t\t<\/div>\n\t\t\t\t\t<\/div>\n\t\t\t\t<\/div>\n\t\t<div data-particle_enable=\"false\" data-particle-mobile-disabled=\"false\" class=\"elementor-element elementor-element-79ca746 e-flex e-con-boxed e-con e-parent\" data-id=\"79ca746\" data-element_type=\"container\" data-e-type=\"container\">\n\t\t\t\t\t<div class=\"e-con-inner\">\n\t\t\t\t<div class=\"elementor-element elementor-element-ec762ce elementor-widget elementor-widget-spacer\" data-id=\"ec762ce\" data-element_type=\"widget\" data-e-type=\"widget\" data-widget_type=\"spacer.default\">\n\t\t\t\t<div class=\"elementor-widget-container\">\n\t\t\t\t\t\t\t<div class=\"elementor-spacer\">\n\t\t\t<div class=\"elementor-spacer-inner\"><\/div>\n\t\t<\/div>\n\t\t\t\t\t\t<\/div>\n\t\t\t\t<\/div>\n\t\t\t\t\t<\/div>\n\t\t\t\t<\/div>\n\t\t<div data-particle_enable=\"false\" data-particle-mobile-disabled=\"false\" class=\"elementor-element elementor-element-9900668 e-flex e-con-boxed e-con e-parent\" data-id=\"9900668\" data-element_type=\"container\" data-e-type=\"container\">\n\t\t\t\t\t<div class=\"e-con-inner\">\n\t\t\t\t<div class=\"elementor-element elementor-element-20169b7 elementor-widget__width-initial elementor-widget elementor-widget-spacer\" data-id=\"20169b7\" data-element_type=\"widget\" data-e-type=\"widget\" data-widget_type=\"spacer.default\">\n\t\t\t\t<div class=\"elementor-widget-container\">\n\t\t\t\t\t\t\t<div class=\"elementor-spacer\">\n\t\t\t<div class=\"elementor-spacer-inner\"><\/div>\n\t\t<\/div>\n\t\t\t\t\t\t<\/div>\n\t\t\t\t<\/div>\n\t\t<div data-particle_enable=\"false\" data-particle-mobile-disabled=\"false\" class=\"elementor-element elementor-element-34168df e-con-full e-flex e-con e-parent\" data-id=\"34168df\" data-element_type=\"container\" data-e-type=\"container\" data-settings=\"{&quot;background_background&quot;:&quot;classic&quot;}\">\n\t\t\t\t<div class=\"elementor-element elementor-element-33ebac7 elementor-widget elementor-widget-spacer\" data-id=\"33ebac7\" data-element_type=\"widget\" data-e-type=\"widget\" data-widget_type=\"spacer.default\">\n\t\t\t\t<div class=\"elementor-widget-container\">\n\t\t\t\t\t\t\t<div class=\"elementor-spacer\">\n\t\t\t<div class=\"elementor-spacer-inner\"><\/div>\n\t\t<\/div>\n\t\t\t\t\t\t<\/div>\n\t\t\t\t<\/div>\n\t\t\t\t<div class=\"elementor-element elementor-element-85a7938 elementor-widget elementor-widget-text-editor\" data-id=\"85a7938\" data-element_type=\"widget\" data-e-type=\"widget\" data-widget_type=\"text-editor.default\">\n\t\t\t\t<div class=\"elementor-widget-container\">\n\t\t\t\t\t\t\t\t\t<p>Sobre n\u00f3s<\/p>\t\t\t\t\t\t\t\t<\/div>\n\t\t\t\t<\/div>\n\t\t\t\t<div class=\"elementor-element elementor-element-ac67a0c elementor-widget__width-initial elementor-widget elementor-widget-text-editor\" data-id=\"ac67a0c\" data-element_type=\"widget\" data-e-type=\"widget\" data-widget_type=\"text-editor.default\">\n\t\t\t\t<div class=\"elementor-widget-container\">\n\t\t\t\t\t\t\t\t\t<p>A CoRe Capital \u00e9 uma Sociedade Gestora de Capital de Risco com uma ambi\u00e7\u00e3o clara, contribuir para o sucesso da economia Portuguesa.<\/p>\t\t\t\t\t\t\t\t<\/div>\n\t\t\t\t<\/div>\n\t\t\t\t<\/div>\n\t\t<div data-particle_enable=\"false\" data-particle-mobile-disabled=\"false\" class=\"elementor-element elementor-element-ffc57ea e-con-full e-flex e-con e-parent\" data-id=\"ffc57ea\" data-element_type=\"container\" data-e-type=\"container\" data-settings=\"{&quot;background_background&quot;:&quot;classic&quot;}\">\n\t\t\t\t<div class=\"elementor-element elementor-element-32ca69d elementor-widget elementor-widget-text-editor\" data-id=\"32ca69d\" data-element_type=\"widget\" data-e-type=\"widget\" data-widget_type=\"text-editor.default\">\n\t\t\t\t<div class=\"elementor-widget-container\">\n\t\t\t\t\t\t\t\t\t<h2 data-elementor-setting-key=\"title\" data-pen-placeholder=\"Digite aqui...\" style=\"-webkit-text-stroke-color: rgb(0, 0, 0); stroke-width: 0px; stroke: rgb(0, 0, 0);\"><span style=\"white-space: normal; font-size: 80pt; font-family: HELVETICA; color: black; letter-spacing: -10pt;\">Contactos<\/span><span style=\"white-space: normal; font-size: 138pt; font-family: HELVETICA; color: rgb(119, 153, 139); letter-spacing: -10pt;\">.<\/span><span style=\"white-space: normal; font-size: 115pt; font-family: HELVETICA; color: rgb(119, 153, 139); letter-spacing: -10pt;\">&nbsp;<\/span><\/h2>\t\t\t\t\t\t\t\t<\/div>\n\t\t\t\t<\/div>\n\t\t\t\t<div class=\"elementor-element elementor-element-9779ca1 elementor-widget__width-initial elementor-widget elementor-widget-text-editor\" data-id=\"9779ca1\" data-element_type=\"widget\" data-e-type=\"widget\" data-widget_type=\"text-editor.default\">\n\t\t\t\t<div class=\"elementor-widget-container\">\n\t\t\t\t\t\t\t\t\t<p>Rua Cova da Moura n\u00ba2, 1\u00ba andar, 1350-118 Lisboa<\/p><p>geral@corecapital.pt<\/p><p>+351 218 214 997<\/p>\t\t\t\t\t\t\t\t<\/div>\n\t\t\t\t<\/div>\n\t\t\t\t<\/div>\n\t\t\t\t\t<\/div>\n\t\t\t\t<\/div>\n\t\t<div data-particle_enable=\"false\" data-particle-mobile-disabled=\"false\" class=\"elementor-element elementor-element-e00c4d9 e-flex e-con-boxed e-con e-parent\" data-id=\"e00c4d9\" data-element_type=\"container\" data-e-type=\"container\">\n\t\t\t\t\t<div class=\"e-con-inner\">\n\t\t\t\t\t<\/div>\n\t\t\t\t<\/div>\n\t\t\t\t<\/div>","protected":false},"excerpt":{"rendered":"<p>Grow with us. CoRe Capital . Private Equity Responsabilidade e track record A CoRe Capital \u00e9 uma Sociedade Gestora de Capital de Risco com uma ambi\u00e7\u00e3o clara: contribuir para a produtividade e a cria\u00e7\u00e3o de valor da economia nacional. O setor das pequenas e m\u00e9dias empresas nacionais, que sustenta a economia Portuguesa, \u00e9 um pilar [&hellip;]<\/p>","protected":false},"author":1,"featured_media":0,"parent":0,"menu_order":0,"comment_status":"closed","ping_status":"closed","template":"page-templates\/page_front-page.php","meta":{"_acf_changed":false,"footnotes":""},"class_list":["post-31","page","type-page","status-publish","hentry"],"acf":[],"_links":{"self":[{"href":"https:\/\/corecapital.pt\/en\/wp-json\/wp\/v2\/pages\/31","targetHints":{"allow":["GET"]}}],"collection":[{"href":"https:\/\/corecapital.pt\/en\/wp-json\/wp\/v2\/pages"}],"about":[{"href":"https:\/\/corecapital.pt\/en\/wp-json\/wp\/v2\/types\/page"}],"author":[{"embeddable":true,"href":"https:\/\/corecapital.pt\/en\/wp-json\/wp\/v2\/users\/1"}],"replies":[{"embeddable":true,"href":"https:\/\/corecapital.pt\/en\/wp-json\/wp\/v2\/comments?post=31"}],"version-history":[{"count":75,"href":"https:\/\/corecapital.pt\/en\/wp-json\/wp\/v2\/pages\/31\/revisions"}],"predecessor-version":[{"id":1443,"href":"https:\/\/corecapital.pt\/en\/wp-json\/wp\/v2\/pages\/31\/revisions\/1443"}],"wp:attachment":[{"href":"https:\/\/corecapital.pt\/en\/wp-json\/wp\/v2\/media?parent=31"}],"curies":[{"name":"wp","href":"https:\/\/api.w.org\/{rel}","templated":true}]}}